{"id":2321,"date":"2025-11-17T13:30:12","date_gmt":"2025-11-17T10:30:12","guid":{"rendered":"https:\/\/rigavo.com\/yat-kiralama\/luxury-daily-cruise-boat-for-rent-in-the-bosphorus-for-90-people\/"},"modified":"2026-02-07T15:05:11","modified_gmt":"2026-02-07T12:05:11","slug":"luxury-daily-cruise-boat-for-rent-in-the-bosphorus-for-90-people","status":"publish","type":"product","link":"https:\/\/rigavo.com\/en\/yacht-charter\/luxury-daily-cruise-boat-for-rent-in-the-bosphorus-for-90-people\/","title":{"rendered":"Luxury Daily Cruise Boat for Rent in the Bosphorus for 90 People"},"content":{"rendered":"<p data-start=\"349\" data-end=\"637\">Would you like to spend an unforgettable day with your loved ones amidst the breathtaking views of the Bosphorus? This <strong data-start=\"458\" data-end=\"479\">24-meter luxury daily cruise ship<\/strong> is the ideal choice for private events, birthday celebrations, corporate parties, and weddings on board for groups of up to <strong>90 people in Istanbul<\/strong>.<\/p>\n<p data-start=\"639\" data-end=\"955\">With its modern interior design, spacious deck, and professional crew, it offers both comfort and safety. Our boat can serve the Bosphorus route or tailor-made itineraries to your needs. You can personalize your experience with additional services such as food and beverage service, DJ performances, or live music.<\/p>\n<p data-start=\"957\" data-end=\"1191\">\ud83d\udccd <strong data-start=\"960\" data-end=\"979\">Departure Point:<\/strong> Istanbul Bosphorus (Bebek, Karak\u00f6y or upon request)<br data-start=\"1033\" data-end=\"1036\" \/>\ud83d\udc65 <strong data-start=\"1039\" data-end=\"1052\">Capacity: <\/strong>90 people<br data-start=\"1060\" data-end=\"1063\" \/>\u26f5 <strong data-start=\"1065\" data-end=\"1077\">Length:<\/strong> 24 meters<br data-start=\"1086\" data-end=\"1089\" \/>\ud83c\udf89 <strong data-start=\"1092\" data-end=\"1114\">Usage Areas: <\/strong>Private events, engagement ceremonies, corporate events, Bosphorus tours<\/p>\n<p data-start=\"1193\" data-end=\"1287\">This <strong data-start=\"1196\" data-end=\"1234\">Istanbul luxury cruise boat for rent<\/strong> is the perfect way to experience the blue sea in the heart of the city.<\/p>\n","protected":false},"excerpt":{"rendered":"<p>You are invited to a delightful event aboard our 24-meter, 90-person capacity VIP tour boat departing from Bebek, Istanbul. Experience unforgettable tours and unique sea adventures with Rigavo Yacht Charter for your special events.<\/p>\n","protected":false},"featured_media":1910,"comment_status":"open","ping_status":"closed","template":"","meta":[],"product_brand":[],"product_cat":[155,151],"product_tag":[],"class_list":{"0":"post-2321","1":"product","2":"type-product","3":"status-publish","4":"has-post-thumbnail","6":"product_cat-daily-cruise-boat-rental","7":"product_cat-turkey","9":"first","10":"instock","11":"shipping-taxable","12":"purchasable","13":"product-type-simple"},"yoast_head":"<!-- This site is optimized with the Yoast SEO plugin v27.1.1 - https:\/\/yoast.com\/product\/yoast-seo-wordpress\/ -->\n<title>Luxury Daily Cruise Boat for Rent in the Bosphorus for 90 People<\/title>\n<meta name=\"description\" content=\"Luxury 24-meter boat for daily charter on the Bosphorus, accommodating up to 90 people. A perfect option for private events, weddings, and corporate gatherings.\" \/>\n<meta name=\"robots\" content=\"index, follow, max-snippet:-1, max-image-preview:large, max-video-preview:-1\" \/>\n<link rel=\"canonical\" href=\"https:\/\/rigavo.com\/yat-kiralama\/istanbul-kiralik-luks-gezi-teknesi-90-kisilik\/\" \/>\n<meta property=\"og:locale\" content=\"en_US\" \/>\n<meta property=\"og:type\" content=\"article\" \/>\n<meta property=\"og:title\" content=\"Luxury Daily Cruise Boat for Rent in the Bosphorus for 90 People\" \/>\n<meta property=\"og:description\" content=\"Luxury 24-meter boat for daily charter on the Bosphorus, accommodating up to 90 people. A perfect option for private events, weddings, and corporate gatherings.\" \/>\n<meta property=\"og:url\" content=\"https:\/\/rigavo.com\/yat-kiralama\/istanbul-kiralik-luks-gezi-teknesi-90-kisilik\/\" \/>\n<meta property=\"og:site_name\" content=\"Rigavo Yacht Charter\" \/>\n<meta property=\"article:publisher\" content=\"https:\/\/www.instagram.com\/rigavotr\/\" \/>\n<meta property=\"article:modified_time\" content=\"2026-02-07T12:05:11+00:00\" \/>\n<meta property=\"og:image\" content=\"https:\/\/rigavo.com\/wp-content\/uploads\/2025\/11\/24-metre-90-kisi-Gezi-Teknesi-Istanbul-1.jpeg\" \/>\n\t<meta property=\"og:image:width\" content=\"1600\" \/>\n\t<meta property=\"og:image:height\" content=\"1197\" \/>\n\t<meta property=\"og:image:type\" content=\"image\/jpeg\" \/>\n<meta name=\"twitter:card\" content=\"summary_large_image\" \/>\n<meta name=\"twitter:label1\" content=\"Est. reading time\" \/>\n\t<meta name=\"twitter:data1\" content=\"2 minutes\" \/>\n<script type=\"application\/ld+json\" class=\"yoast-schema-graph\">{\"@context\":\"https:\/\/schema.org\",\"@graph\":[{\"@type\":\"WebPage\",\"@id\":\"https:\/\/rigavo.com\/yat-kiralama\/istanbul-kiralik-luks-gezi-teknesi-90-kisilik\/\",\"url\":\"https:\/\/rigavo.com\/yat-kiralama\/istanbul-kiralik-luks-gezi-teknesi-90-kisilik\/\",\"name\":\"Luxury Daily Cruise Boat for Rent in the Bosphorus for 90 People\",\"isPartOf\":{\"@id\":\"https:\/\/rigavo.com\/#website\"},\"primaryImageOfPage\":{\"@id\":\"https:\/\/rigavo.com\/yat-kiralama\/istanbul-kiralik-luks-gezi-teknesi-90-kisilik\/#primaryimage\"},\"image\":{\"@id\":\"https:\/\/rigavo.com\/yat-kiralama\/istanbul-kiralik-luks-gezi-teknesi-90-kisilik\/#primaryimage\"},\"thumbnailUrl\":\"https:\/\/rigavo.com\/wp-content\/uploads\/2025\/11\/24-metre-90-kisi-Gezi-Teknesi-Istanbul-1.jpeg\",\"datePublished\":\"2025-11-17T10:30:12+00:00\",\"dateModified\":\"2026-02-07T12:05:11+00:00\",\"description\":\"Luxury 24-meter boat for daily charter on the Bosphorus, accommodating up to 90 people. A perfect option for private events, weddings, and corporate gatherings.\",\"breadcrumb\":{\"@id\":\"https:\/\/rigavo.com\/yat-kiralama\/istanbul-kiralik-luks-gezi-teknesi-90-kisilik\/#breadcrumb\"},\"inLanguage\":\"en-US\",\"potentialAction\":[{\"@type\":\"ReadAction\",\"target\":[\"https:\/\/rigavo.com\/yat-kiralama\/istanbul-kiralik-luks-gezi-teknesi-90-kisilik\/\"]}]},{\"@type\":\"ImageObject\",\"inLanguage\":\"en-US\",\"@id\":\"https:\/\/rigavo.com\/yat-kiralama\/istanbul-kiralik-luks-gezi-teknesi-90-kisilik\/#primaryimage\",\"url\":\"https:\/\/rigavo.com\/wp-content\/uploads\/2025\/11\/24-metre-90-kisi-Gezi-Teknesi-Istanbul-1.jpeg\",\"contentUrl\":\"https:\/\/rigavo.com\/wp-content\/uploads\/2025\/11\/24-metre-90-kisi-Gezi-Teknesi-Istanbul-1.jpeg\",\"width\":1600,\"height\":1197,\"caption\":\"\u0130stanbul Bo\u011faz\u0131nda 90 Ki\u015fi Kiral\u0131k L\u00fcks Gezi Teknesi\"},{\"@type\":\"BreadcrumbList\",\"@id\":\"https:\/\/rigavo.com\/yat-kiralama\/istanbul-kiralik-luks-gezi-teknesi-90-kisilik\/#breadcrumb\",\"itemListElement\":[{\"@type\":\"ListItem\",\"position\":1,\"name\":\"Anasayfa\",\"item\":\"https:\/\/rigavo.com\/\"},{\"@type\":\"ListItem\",\"position\":2,\"name\":\"Discover\",\"item\":\"https:\/\/rigavo.com\/en\/discover\/\"},{\"@type\":\"ListItem\",\"position\":3,\"name\":\"Luxury Daily Cruise Boat for Rent in the Bosphorus for 90 People\"}]},{\"@type\":\"WebSite\",\"@id\":\"https:\/\/rigavo.com\/#website\",\"url\":\"https:\/\/rigavo.com\/\",\"name\":\"RIGAVO\",\"description\":\"The Cruise Starts with Blue\",\"potentialAction\":[{\"@type\":\"SearchAction\",\"target\":{\"@type\":\"EntryPoint\",\"urlTemplate\":\"https:\/\/rigavo.com\/?s={search_term_string}\"},\"query-input\":{\"@type\":\"PropertyValueSpecification\",\"valueRequired\":true,\"valueName\":\"search_term_string\"}}],\"inLanguage\":\"en-US\"}]}<\/script>\n<!-- \/ Yoast SEO plugin. -->","yoast_head_json":{"title":"Luxury Daily Cruise Boat for Rent in the Bosphorus for 90 People","description":"Luxury 24-meter boat for daily charter on the Bosphorus, accommodating up to 90 people. A perfect option for private events, weddings, and corporate gatherings.","robots":{"index":"index","follow":"follow","max-snippet":"max-snippet:-1","max-image-preview":"max-image-preview:large","max-video-preview":"max-video-preview:-1"},"canonical":"https:\/\/rigavo.com\/yat-kiralama\/istanbul-kiralik-luks-gezi-teknesi-90-kisilik\/","og_locale":"en_US","og_type":"article","og_title":"Luxury Daily Cruise Boat for Rent in the Bosphorus for 90 People","og_description":"Luxury 24-meter boat for daily charter on the Bosphorus, accommodating up to 90 people. A perfect option for private events, weddings, and corporate gatherings.","og_url":"https:\/\/rigavo.com\/yat-kiralama\/istanbul-kiralik-luks-gezi-teknesi-90-kisilik\/","og_site_name":"Rigavo Yacht Charter","article_publisher":"https:\/\/www.instagram.com\/rigavotr\/","article_modified_time":"2026-02-07T12:05:11+00:00","og_image":[{"width":1600,"height":1197,"url":"https:\/\/rigavo.com\/wp-content\/uploads\/2025\/11\/24-metre-90-kisi-Gezi-Teknesi-Istanbul-1.jpeg","type":"image\/jpeg"}],"twitter_card":"summary_large_image","twitter_misc":{"Est. reading time":"2 minutes"},"schema":{"@context":"https:\/\/schema.org","@graph":[{"@type":"WebPage","@id":"https:\/\/rigavo.com\/yat-kiralama\/istanbul-kiralik-luks-gezi-teknesi-90-kisilik\/","url":"https:\/\/rigavo.com\/yat-kiralama\/istanbul-kiralik-luks-gezi-teknesi-90-kisilik\/","name":"Luxury Daily Cruise Boat for Rent in the Bosphorus for 90 People","isPartOf":{"@id":"https:\/\/rigavo.com\/#website"},"primaryImageOfPage":{"@id":"https:\/\/rigavo.com\/yat-kiralama\/istanbul-kiralik-luks-gezi-teknesi-90-kisilik\/#primaryimage"},"image":{"@id":"https:\/\/rigavo.com\/yat-kiralama\/istanbul-kiralik-luks-gezi-teknesi-90-kisilik\/#primaryimage"},"thumbnailUrl":"https:\/\/rigavo.com\/wp-content\/uploads\/2025\/11\/24-metre-90-kisi-Gezi-Teknesi-Istanbul-1.jpeg","datePublished":"2025-11-17T10:30:12+00:00","dateModified":"2026-02-07T12:05:11+00:00","description":"Luxury 24-meter boat for daily charter on the Bosphorus, accommodating up to 90 people. A perfect option for private events, weddings, and corporate gatherings.","breadcrumb":{"@id":"https:\/\/rigavo.com\/yat-kiralama\/istanbul-kiralik-luks-gezi-teknesi-90-kisilik\/#breadcrumb"},"inLanguage":"en-US","potentialAction":[{"@type":"ReadAction","target":["https:\/\/rigavo.com\/yat-kiralama\/istanbul-kiralik-luks-gezi-teknesi-90-kisilik\/"]}]},{"@type":"ImageObject","inLanguage":"en-US","@id":"https:\/\/rigavo.com\/yat-kiralama\/istanbul-kiralik-luks-gezi-teknesi-90-kisilik\/#primaryimage","url":"https:\/\/rigavo.com\/wp-content\/uploads\/2025\/11\/24-metre-90-kisi-Gezi-Teknesi-Istanbul-1.jpeg","contentUrl":"https:\/\/rigavo.com\/wp-content\/uploads\/2025\/11\/24-metre-90-kisi-Gezi-Teknesi-Istanbul-1.jpeg","width":1600,"height":1197,"caption":"\u0130stanbul Bo\u011faz\u0131nda 90 Ki\u015fi Kiral\u0131k L\u00fcks Gezi Teknesi"},{"@type":"BreadcrumbList","@id":"https:\/\/rigavo.com\/yat-kiralama\/istanbul-kiralik-luks-gezi-teknesi-90-kisilik\/#breadcrumb","itemListElement":[{"@type":"ListItem","position":1,"name":"Anasayfa","item":"https:\/\/rigavo.com\/"},{"@type":"ListItem","position":2,"name":"Discover","item":"https:\/\/rigavo.com\/en\/discover\/"},{"@type":"ListItem","position":3,"name":"Luxury Daily Cruise Boat for Rent in the Bosphorus for 90 People"}]},{"@type":"WebSite","@id":"https:\/\/rigavo.com\/#website","url":"https:\/\/rigavo.com\/","name":"RIGAVO","description":"The Cruise Starts with Blue","potentialAction":[{"@type":"SearchAction","target":{"@type":"EntryPoint","urlTemplate":"https:\/\/rigavo.com\/?s={search_term_string}"},"query-input":{"@type":"PropertyValueSpecification","valueRequired":true,"valueName":"search_term_string"}}],"inLanguage":"en-US"}]}},"_links":{"self":[{"href":"https:\/\/rigavo.com\/en\/wp-json\/wp\/v2\/product\/2321","targetHints":{"allow":["GET"]}}],"collection":[{"href":"https:\/\/rigavo.com\/en\/wp-json\/wp\/v2\/product"}],"about":[{"href":"https:\/\/rigavo.com\/en\/wp-json\/wp\/v2\/types\/product"}],"replies":[{"embeddable":true,"href":"https:\/\/rigavo.com\/en\/wp-json\/wp\/v2\/comments?post=2321"}],"wp:featuredmedia":[{"embeddable":true,"href":"https:\/\/rigavo.com\/en\/wp-json\/wp\/v2\/media\/1910"}],"wp:attachment":[{"href":"https:\/\/rigavo.com\/en\/wp-json\/wp\/v2\/media?parent=2321"}],"wp:term":[{"taxonomy":"product_brand","embeddable":true,"href":"https:\/\/rigavo.com\/en\/wp-json\/wp\/v2\/product_brand?post=2321"},{"taxonomy":"product_cat","embeddable":true,"href":"https:\/\/rigavo.com\/en\/wp-json\/wp\/v2\/product_cat?post=2321"},{"taxonomy":"product_tag","embeddable":true,"href":"https:\/\/rigavo.com\/en\/wp-json\/wp\/v2\/product_tag?post=2321"}],"curies":[{"name":"wp","href":"https:\/\/api.w.org\/{rel}","templated":true}]}}